{"id":15,"date":"2025-01-02T20:00:02","date_gmt":"2025-01-02T20:00:02","guid":{"rendered":"https:\/\/katitaipalmaa.fi\/?page_id=15"},"modified":"2025-12-16T15:39:41","modified_gmt":"2025-12-16T15:39:41","slug":"tietoa-minusta","status":"publish","type":"page","link":"https:\/\/katitaipalmaa.fi\/index.php\/tietoa-minusta\/","title":{"rendered":"Tietoa minusta"},"content":{"rendered":"\n<div class=\"wp-block-group alignwide wp-section-container-block has-global-padding is-content-justification-center is-layout-constrained wp-block-group-is-layout-constrained\">\n<div class=\"wp-block-group alignwide wp-section-content-block is-layout-flow wp-block-group-is-layout-flow\">\n<div class=\"wp-block-columns is-layout-flex wp-container-core-columns-is-layout-28f84493 wp-block-columns-is-layout-flex\">\n<div class=\"wp-block-column is-layout-flow wp-block-column-is-layout-flow\" style=\"flex-basis:33.33%\">\n<figure class=\"wp-block-image size-full\"><img loading=\"lazy\" decoding=\"async\" width=\"380\" height=\"551\" src=\"https:\/\/katitaipalmaa.fi\/wp-content\/uploads\/2025\/02\/Kati-Taipalmaa-1.jpg\" alt=\"\" class=\"wp-image-168\" srcset=\"https:\/\/katitaipalmaa.fi\/wp-content\/uploads\/2025\/02\/Kati-Taipalmaa-1.jpg 380w, https:\/\/katitaipalmaa.fi\/wp-content\/uploads\/2025\/02\/Kati-Taipalmaa-1-207x300.jpg 207w\" sizes=\"auto, (max-width: 380px) 100vw, 380px\" \/><\/figure>\n<\/div>\n\n\n\n<div class=\"wp-block-column is-layout-flow wp-block-column-is-layout-flow\" style=\"flex-basis:66.66%\">\n<h2 class=\"wp-block-heading\"><mark style=\"background-color:rgba(0, 0, 0, 0)\" class=\"has-inline-color has-primary-color\">Kuka min\u00e4 olen<\/mark><\/h2>\n\n\n\n<p class=\"has-text-align-left has-medium-font-size\">Olen kokenut muotoilun ammattilainen, joka on erikoistunut palvelumuotoiluun, k\u00e4ytt\u00f6kokemukseen, k\u00e4ytett\u00e4vyyteen ja visuaaliseen suunnitteluun. Konseptoinnin ja k\u00e4ytt\u00f6liittym\u00e4suunnittelun lis\u00e4ksi erikoisosaamiseni on muun muassa tekstien k\u00e4ytett\u00e4vyyden testaaminen, olipa kyseess\u00e4 sitten k\u00e4sitteet, ohjeet tai mainokset. Osaamiseni kattaa monia suunnittelumenetelmi\u00e4, kuten prototyyppien luomisen, fasilitointitekniikat, ty\u00f6pajojen suunnittelun ja toteutuksen (sek\u00e4 et\u00e4- ett\u00e4 paikan p\u00e4\u00e4ll\u00e4), haastattelut, kyselyt, asiakaspalautteen analysoinnin, Lean-menetelm\u00e4t sek\u00e4 k\u00e4ytt\u00f6liittymien visuaalisen suunnittelun. <\/p>\n\n\n\n<p>Olen toiminut my\u00f6s UX-suunnittelun puolestapuhujana, kehitt\u00e4en strategioita ja koulutuksia, jotka vahvistavat ymm\u00e4rryst\u00e4 ja osaamista organisaatioissa, sek\u00e4 n\u00e4in parantavat suunnitteluprosesseja. N\u00e4iden lis\u00e4ksi olen johtanut design review -yhteis\u00f6\u00e4.<\/p>\n\n\n\n<p>T\u00f6it\u00e4 olen tehnyt Stockmannille ja Suomen Tullille, mutta niiden lis\u00e4ksi projekti yhteist\u00f6in\u00e4 olen suunnitellut muun muassa itsen\u00e4isesti eri sovellusten prototyypej\u00e4, kehitt\u00e4nyt muun tiimin kanssa k\u00e4ytt\u00e4j\u00e4- ja mobiilioptimoitua kiinteist\u00f6nhallintasovellusta Reijotille sek\u00e4 visualisoinut silm\u00e4lasiliikkeen tulevaisuuden suunnittelua silm\u00e4lasien sovituksesta virtuaalisesti sek\u00e4 kehitt\u00e4nyt ty\u00f6pajojen kautta Sallan matkailun konseptia sulanmaan aikaan.<\/p>\n\n\n\n<p>Vapaa-ajallani teen muun muassa taidetta ja kuvituksia sek\u00e4 nautin ulkoilusta retkeillen, py\u00f6r\u00e4illen, hiiht\u00e4en ja meloen.<\/p>\n<\/div>\n<\/div>\n<\/div>\n<\/div>\n\n\n\n<div class=\"wp-block-group alignfull wp-section-block wp-services has-global-padding is-layout-constrained wp-block-group-is-layout-constrained\" style=\"padding-top:var(--wp--preset--spacing--80)\">\n<div class=\"wp-block-group alignwide wp-section-header-block is-layout-flow wp-container-core-group-is-layout-2065dd14 wp-block-group-is-layout-flow\" style=\"margin-bottom:28px;padding-top:0;padding-bottom:0\">\n<div class=\"wp-block-group has-global-padding is-content-justification-left is-layout-constrained wp-container-core-group-is-layout-0a4336ca wp-block-group-is-layout-constrained\">\n<h2 class=\"wp-block-heading has-text-align-left\" style=\"font-style:normal;font-weight:400\"><strong><mark style=\"background-color:rgba(0, 0, 0, 0)\" class=\"has-inline-color has-primary-color\">Viimeisin ty\u00f6kokemus<\/mark><\/strong><\/h2>\n<\/div>\n<\/div>\n\n\n\n<div class=\"wp-block-group alignwide wp-block-group-content is-layout-flow wp-block-group-is-layout-flow\">\n<div class=\"wp-block-columns alignwide is-layout-flex wp-container-core-columns-is-layout-6127943d wp-block-columns-is-layout-flex\">\n<div class=\"wp-block-column is-layout-flow wp-block-column-is-layout-flow\">\n<div class=\"wp-block-group wp-block-post-group has-secondary-background-color has-background is-layout-flow wp-block-group-is-layout-flow\" style=\"padding-top:var(--wp--preset--spacing--50);padding-right:var(--wp--preset--spacing--40);padding-bottom:var(--wp--preset--spacing--50);padding-left:var(--wp--preset--spacing--40)\">\n<figure class=\"wp-block-image aligncenter size-full is-resized\"><img loading=\"lazy\" decoding=\"async\" width=\"424\" height=\"421\" src=\"https:\/\/katitaipalmaa.fi\/wp-content\/uploads\/2025\/02\/tyo-iconi.png\" alt=\"\" class=\"wp-image-215\" style=\"width:118px;height:auto\" srcset=\"https:\/\/katitaipalmaa.fi\/wp-content\/uploads\/2025\/02\/tyo-iconi.png 424w, https:\/\/katitaipalmaa.fi\/wp-content\/uploads\/2025\/02\/tyo-iconi-300x298.png 300w, https:\/\/katitaipalmaa.fi\/wp-content\/uploads\/2025\/02\/tyo-iconi-150x150.png 150w\" sizes=\"auto, (max-width: 424px) 100vw, 424px\" \/><\/figure>\n\n\n\n<div class=\"wp-block-group wp-block-entry-content is-layout-flow wp-container-core-group-is-layout-343acf9e wp-block-group-is-layout-flow\">\n<p class=\"has-text-align-center\"><em><mark style=\"background-color:rgba(0, 0, 0, 0)\" class=\"has-inline-color has-meta-color\">Toukokuu 2022 &#8211; Jatkuu<\/mark><\/em><\/p>\n\n\n\n<h2 class=\"wp-block-heading has-text-align-center has-x-large-font-size\" style=\"font-style:normal;font-weight:400\">UX-suunnittelija, Suomen TULLI<\/h2>\n\n\n\n<p class=\"has-text-align-left\">K\u00e4ytt\u00f6kokemussuunnittelu, joka keskittyy Tullin yhten\u00e4isen palvelukokemuksen muotoiluun. <\/p>\n\n\n\n<ul class=\"wp-block-list\">\n<li>Palvelupolkujen konkretisointi<\/li>\n\n\n\n<li>Konseptointi<\/li>\n\n\n\n<li>Prototypointi<\/li>\n\n\n\n<li>Testaaminen <\/li>\n\n\n\n<li>K\u00e4ytt\u00f6liittym\u00e4suunnittelu<\/li>\n\n\n\n<li>Palvelukokemuksen kehitysprojektit<\/li>\n\n\n\n<li>Uusien toimintamallien suunnittelu<\/li>\n\n\n\n<li>Verkostoyhteisty\u00f6<\/li>\n<\/ul>\n<\/div>\n<\/div>\n<\/div>\n\n\n\n<div class=\"wp-block-column is-layout-flow wp-block-column-is-layout-flow\">\n<div class=\"wp-block-group wp-block-post-group has-secondary-background-color has-background is-layout-flow wp-block-group-is-layout-flow\" style=\"padding-top:var(--wp--preset--spacing--50);padding-right:var(--wp--preset--spacing--40);padding-bottom:var(--wp--preset--spacing--50);padding-left:var(--wp--preset--spacing--40)\">\n<figure class=\"wp-block-image aligncenter size-full is-resized\"><img loading=\"lazy\" decoding=\"async\" width=\"424\" height=\"421\" src=\"https:\/\/katitaipalmaa.fi\/wp-content\/uploads\/2025\/02\/tyo-iconi.png\" alt=\"\" class=\"wp-image-215\" style=\"width:114px;height:auto\" srcset=\"https:\/\/katitaipalmaa.fi\/wp-content\/uploads\/2025\/02\/tyo-iconi.png 424w, https:\/\/katitaipalmaa.fi\/wp-content\/uploads\/2025\/02\/tyo-iconi-300x298.png 300w, https:\/\/katitaipalmaa.fi\/wp-content\/uploads\/2025\/02\/tyo-iconi-150x150.png 150w\" sizes=\"auto, (max-width: 424px) 100vw, 424px\" \/><\/figure>\n\n\n\n<div class=\"wp-block-group wp-block-entry-content is-layout-flow wp-container-core-group-is-layout-343acf9e wp-block-group-is-layout-flow\">\n<p class=\"has-text-align-center\"><em><mark style=\"background-color:rgba(0, 0, 0, 0)\" class=\"has-inline-color has-meta-color\">Huhtikuu 2021 &#8211; Helmikuu 2022<\/mark><\/em><\/p>\n\n\n\n<h2 class=\"wp-block-heading has-text-align-center has-x-large-font-size\" style=\"font-style:normal;font-weight:400\">Palvelumuotoilija, Stockmann<\/h2>\n\n\n\n<ul class=\"wp-block-list\">\n<li>Asiakaspalautteen analysointi<\/li>\n\n\n\n<li>Asiakashaastattelut, sis\u00e4iset haastattelut, asiakaskyselyt<\/li>\n\n\n\n<li>Prototyyppien ja konseptien suunnittelu ja luominen<\/li>\n\n\n\n<li>UX-suunnittelu<\/li>\n\n\n\n<li>Ongelman m\u00e4\u00e4rittely ja kyseenalaistaminen<\/li>\n\n\n\n<li>Fasilitointi, ty\u00f6pajojen suunnittelu ja toteutus<\/li>\n\n\n\n<li>Sis\u00e4inen viestint\u00e4<\/li>\n\n\n\n<li>Asiakaspolut<\/li>\n\n\n\n<li>End to end prosessit<\/li>\n\n\n\n<li>Lean menetelm\u00e4t<\/li>\n<\/ul>\n<\/div>\n<\/div>\n<\/div>\n\n\n\n<div class=\"wp-block-column is-layout-flow wp-block-column-is-layout-flow\">\n<div class=\"wp-block-group wp-block-post-group has-secondary-background-color has-background is-layout-flow wp-block-group-is-layout-flow\" style=\"padding-top:var(--wp--preset--spacing--50);padding-right:var(--wp--preset--spacing--40);padding-bottom:var(--wp--preset--spacing--50);padding-left:var(--wp--preset--spacing--40)\">\n<figure class=\"wp-block-image aligncenter size-full is-resized\"><img loading=\"lazy\" decoding=\"async\" width=\"424\" height=\"421\" src=\"https:\/\/katitaipalmaa.fi\/wp-content\/uploads\/2025\/02\/tyo-iconi.png\" alt=\"\" class=\"wp-image-215\" style=\"width:120px;height:auto\" srcset=\"https:\/\/katitaipalmaa.fi\/wp-content\/uploads\/2025\/02\/tyo-iconi.png 424w, https:\/\/katitaipalmaa.fi\/wp-content\/uploads\/2025\/02\/tyo-iconi-300x298.png 300w, https:\/\/katitaipalmaa.fi\/wp-content\/uploads\/2025\/02\/tyo-iconi-150x150.png 150w\" sizes=\"auto, (max-width: 424px) 100vw, 424px\" \/><\/figure>\n\n\n\n<div class=\"wp-block-group wp-block-entry-content is-layout-flow wp-container-core-group-is-layout-343acf9e wp-block-group-is-layout-flow\">\n<p class=\"has-text-align-center\"><em><mark style=\"background-color:rgba(0, 0, 0, 0)\" class=\"has-inline-color has-meta-color\">Tammikuu 2018 &#8211; Helmikuu 20<\/mark><\/em>21<\/p>\n\n\n\n<h2 class=\"wp-block-heading has-text-align-center has-x-large-font-size\" style=\"font-style:normal;font-weight:400\">Kuvauskoordinaattori, Stockmann<\/h2>\n\n\n\n<ul class=\"wp-block-list\">\n<li>Tuotekuvauksen koordinointi ja stailaus<\/li>\n\n\n\n<li>StyleShoot kuvaukset<\/li>\n\n\n\n<li>Mallikuvausten suunnittelu ja koordinointi.<\/li>\n\n\n\n<li> Markkinointikuvien visualinen suunnittelu<\/li>\n\n\n\n<li>Graafinen suunnittelu<\/li>\n<\/ul>\n<\/div>\n<\/div>\n<\/div>\n<\/div>\n<\/div>\n<\/div>\n\n\n\n<div class=\"wp-block-group alignfull wp-section-block wp-services has-global-padding is-layout-constrained wp-block-group-is-layout-constrained\" style=\"padding-top:var(--wp--preset--spacing--80)\">\n<div class=\"wp-block-group alignwide wp-section-header-block is-layout-flow wp-container-core-group-is-layout-2065dd14 wp-block-group-is-layout-flow\" style=\"margin-bottom:28px;padding-top:0;padding-bottom:0\">\n<div class=\"wp-block-group has-global-padding is-content-justification-left is-layout-constrained wp-container-core-group-is-layout-0a4336ca wp-block-group-is-layout-constrained\">\n<h2 class=\"wp-block-heading has-text-align-left\" style=\"font-style:normal;font-weight:400\"><strong><mark style=\"background-color:rgba(0, 0, 0, 0)\" class=\"has-inline-color has-primary-color\">Koulutus<\/mark><\/strong><\/h2>\n<\/div>\n<\/div>\n\n\n\n<div class=\"wp-block-group alignwide wp-block-group-content is-layout-flow wp-block-group-is-layout-flow\">\n<div class=\"wp-block-columns alignwide is-layout-flex wp-container-core-columns-is-layout-6127943d wp-block-columns-is-layout-flex\">\n<div class=\"wp-block-column is-layout-flow wp-block-column-is-layout-flow\">\n<div class=\"wp-block-group wp-block-post-group has-secondary-background-color has-background is-layout-flow wp-block-group-is-layout-flow\" style=\"padding-top:var(--wp--preset--spacing--50);padding-right:var(--wp--preset--spacing--40);padding-bottom:var(--wp--preset--spacing--50);padding-left:var(--wp--preset--spacing--40)\">\n<figure class=\"wp-block-image aligncenter size-full is-resized\"><img loading=\"lazy\" decoding=\"async\" width=\"424\" height=\"421\" src=\"https:\/\/katitaipalmaa.fi\/wp-content\/uploads\/2025\/02\/opiskelu-iconi.png\" alt=\"\" class=\"wp-image-216\" style=\"width:110px;height:auto\" srcset=\"https:\/\/katitaipalmaa.fi\/wp-content\/uploads\/2025\/02\/opiskelu-iconi.png 424w, https:\/\/katitaipalmaa.fi\/wp-content\/uploads\/2025\/02\/opiskelu-iconi-300x298.png 300w, https:\/\/katitaipalmaa.fi\/wp-content\/uploads\/2025\/02\/opiskelu-iconi-150x150.png 150w\" sizes=\"auto, (max-width: 424px) 100vw, 424px\" \/><\/figure>\n\n\n\n<div class=\"wp-block-group wp-block-entry-content is-layout-flow wp-container-core-group-is-layout-343acf9e wp-block-group-is-layout-flow\">\n<p class=\"has-text-align-center\"><em><mark style=\"background-color:rgba(0, 0, 0, 0)\" class=\"has-inline-color has-meta-color\">Elokuu 2022 &#8211; Kes\u00e4kuu 2024<\/mark><\/em><\/p>\n\n\n\n<h2 class=\"wp-block-heading has-text-align-center has-x-large-font-size\" style=\"font-style:normal;font-weight:400\">Muotoilu ja kulttuuri YAMK<\/h2>\n\n\n\n<p class=\"has-text-align-left\">LAB University of Applied Sciences- Muotoilun &amp; median digitaaliset ratkaisut <em>60op<\/em><\/p>\n\n\n\n<ul class=\"wp-block-list\">\n<li>Br\u00e4ndin kehitt\u00e4minen ja johtaminen<\/li>\n\n\n\n<li>Informaatiomuotoilu<\/li>\n\n\n\n<li>Tutkimusperustainen kehitt\u00e4minen<\/li>\n\n\n\n<li> UI\/UX-suunnittelu<\/li>\n\n\n\n<li>Lean UX<\/li>\n\n\n\n<li>Palvelumuotoilu<\/li>\n<\/ul>\n<\/div>\n<\/div>\n<\/div>\n\n\n\n<div class=\"wp-block-column is-layout-flow wp-block-column-is-layout-flow\">\n<div class=\"wp-block-group wp-block-post-group has-secondary-background-color has-background is-layout-flow wp-block-group-is-layout-flow\" style=\"padding-top:var(--wp--preset--spacing--50);padding-right:var(--wp--preset--spacing--40);padding-bottom:var(--wp--preset--spacing--50);padding-left:var(--wp--preset--spacing--40)\">\n<figure class=\"wp-block-image aligncenter size-full is-resized\"><img loading=\"lazy\" decoding=\"async\" width=\"424\" height=\"421\" src=\"https:\/\/katitaipalmaa.fi\/wp-content\/uploads\/2025\/02\/opiskelu-iconi.png\" alt=\"\" class=\"wp-image-216\" style=\"width:114px;height:auto\" srcset=\"https:\/\/katitaipalmaa.fi\/wp-content\/uploads\/2025\/02\/opiskelu-iconi.png 424w, https:\/\/katitaipalmaa.fi\/wp-content\/uploads\/2025\/02\/opiskelu-iconi-300x298.png 300w, https:\/\/katitaipalmaa.fi\/wp-content\/uploads\/2025\/02\/opiskelu-iconi-150x150.png 150w\" sizes=\"auto, (max-width: 424px) 100vw, 424px\" \/><\/figure>\n\n\n\n<div class=\"wp-block-group wp-block-entry-content is-layout-flow wp-container-core-group-is-layout-343acf9e wp-block-group-is-layout-flow\">\n<p class=\"has-text-align-center\"><em><mark style=\"background-color:rgba(0, 0, 0, 0)\" class=\"has-inline-color has-meta-color\">Elokuu 2019 &#8211; Toukokuu 2020<\/mark><\/em><\/p>\n\n\n\n<h2 class=\"wp-block-heading has-text-align-center has-x-large-font-size\" style=\"font-style:normal;font-weight:400\">Jatkokoulutus AMK<\/h2>\n\n\n\n<p class=\"has-text-align-left\">Haaga-Helia University of Applied Sciences- Myynnin &amp; markkinoinnin digitaaliset ratkaisut 60op<\/p>\n\n\n\n<ul class=\"wp-block-list\">\n<li>Palvelumuotoilu<\/li>\n\n\n\n<li>Markkinointiviestinn\u00e4n ty\u00f6kalut<\/li>\n\n\n\n<li>Asiakashankinta digitaalisissa kanavissa<\/li>\n\n\n\n<li>Asiakaspalvelu ja verkkomyynti<\/li>\n\n\n\n<li>Sis\u00e4lt\u00f6markkinoinnin strategia ja sis\u00e4ll\u00f6ntuotanto<\/li>\n\n\n\n<li>Sosiaalisen median ty\u00f6kalut, sis\u00e4ll\u00f6t ja analytiikka<\/li>\n\n\n\n<li>Verkkokaupan ja verkkosivujen suunnittelu<\/li>\n\n\n\n<li>Markkinointitutkimus<\/li>\n\n\n\n<li>Kasvuhakkerointi ja verkkokauppa kansainv\u00e4lisill\u00e4 markkinoilla<\/li>\n\n\n\n<li>Toiminnanohjausj\u00e4rjestelm\u00e4t<\/li>\n\n\n\n<li>Markkinoinnin automaatio <\/li>\n\n\n\n<li>Markkinointianalytiikka<\/li>\n<\/ul>\n<\/div>\n<\/div>\n<\/div>\n\n\n\n<div class=\"wp-block-column is-layout-flow wp-block-column-is-layout-flow\">\n<div class=\"wp-block-group wp-block-post-group has-secondary-background-color has-background is-layout-flow wp-block-group-is-layout-flow\" style=\"padding-top:var(--wp--preset--spacing--50);padding-right:var(--wp--preset--spacing--40);padding-bottom:var(--wp--preset--spacing--50);padding-left:var(--wp--preset--spacing--40)\">\n<figure class=\"wp-block-image aligncenter size-full is-resized\"><img loading=\"lazy\" decoding=\"async\" width=\"424\" height=\"421\" src=\"https:\/\/katitaipalmaa.fi\/wp-content\/uploads\/2025\/02\/opiskelu-iconi.png\" alt=\"\" class=\"wp-image-216\" style=\"width:120px;height:auto\" srcset=\"https:\/\/katitaipalmaa.fi\/wp-content\/uploads\/2025\/02\/opiskelu-iconi.png 424w, https:\/\/katitaipalmaa.fi\/wp-content\/uploads\/2025\/02\/opiskelu-iconi-300x298.png 300w, https:\/\/katitaipalmaa.fi\/wp-content\/uploads\/2025\/02\/opiskelu-iconi-150x150.png 150w\" sizes=\"auto, (max-width: 424px) 100vw, 424px\" \/><\/figure>\n\n\n\n<div class=\"wp-block-group wp-block-entry-content is-layout-flow wp-container-core-group-is-layout-343acf9e wp-block-group-is-layout-flow\">\n<p class=\"has-text-align-center\"><em><mark style=\"background-color:rgba(0, 0, 0, 0)\" class=\"has-inline-color has-meta-color\">Elokuu 2007 &#8211; Toukokuu 2011<\/mark><\/em><\/p>\n\n\n\n<h2 class=\"wp-block-heading has-text-align-center has-x-large-font-size\" style=\"font-style:normal;font-weight:400\">Muotoilija AMK<\/h2>\n\n\n\n<p class=\"has-text-align-left\">Turku University of Applied Sciences- Muotoilija 240op.<\/p>\n\n\n\n<ul class=\"wp-block-list\">\n<li>Muotoiluajattelu<\/li>\n\n\n\n<li>Tuotekehitys ja konseptointi<\/li>\n\n\n\n<li>Visuaalinen viestint\u00e4 ja ilmaisu<\/li>\n\n\n\n<li>V\u00e4riteoria<\/li>\n\n\n\n<li>Valokuvaus<\/li>\n\n\n\n<li>Viestint\u00e4 ja tietotekniikka<\/li>\n\n\n\n<li>Muotoilun ja taiteen historia<\/li>\n\n\n\n<li>Muotoilututkimus<\/li>\n\n\n\n<li>Tutkimustiedon hankinta<\/li>\n\n\n\n<li>Liiketoiminta ja viestint\u00e4<\/li>\n\n\n\n<li>Asiakasl\u00e4ht\u00f6inen tuotteistaminen<\/li>\n\n\n\n<li>Ideointi ja visualisointi<\/li>\n\n\n\n<li>Palvelutoiminta ja markkinointi<\/li>\n\n\n\n<li>Graafinen suunnittelu <\/li>\n\n\n\n<li>Muotisuunnittelu<\/li>\n<\/ul>\n<\/div>\n<\/div>\n<\/div>\n<\/div>\n<\/div>\n<\/div>\n\n\n\n<div class=\"wp-block-group alignfull wp-section-block wp-services has-global-padding is-layout-constrained wp-block-group-is-layout-constrained\" style=\"padding-top:var(--wp--preset--spacing--80)\">\n<div class=\"wp-block-group alignwide wp-block-group-content is-layout-flow wp-block-group-is-layout-flow\">\n<div class=\"wp-block-columns alignwide is-layout-flex wp-container-core-columns-is-layout-6127943d wp-block-columns-is-layout-flex\">\n<div class=\"wp-block-column is-layout-flow wp-block-column-is-layout-flow\">\n<div class=\"wp-block-group wp-block-post-group has-secondary-background-color has-background is-layout-flow wp-block-group-is-layout-flow\" style=\"padding-top:var(--wp--preset--spacing--50);padding-right:var(--wp--preset--spacing--40);padding-bottom:var(--wp--preset--spacing--50);padding-left:var(--wp--preset--spacing--40)\">\n<div class=\"wp-block-group wp-block-entry-content is-layout-flow wp-container-core-group-is-layout-343acf9e wp-block-group-is-layout-flow\">\n<h3 class=\"wp-block-heading\">Muu koulutus<\/h3>\n\n\n\n<ul class=\"wp-block-list\">\n<li>Google UX- suunnittelun sertifikaatti<\/li>\n\n\n\n<li>UX ja saavutettavuus, Digimama<\/li>\n\n\n\n<li>Turun kes\u00e4yliopisto, palvelumuotoilun johtaminen<\/li>\n\n\n\n<li>Koodauksen perusteet, Haaga-Helian avoin AMK<\/li>\n\n\n\n<li>Palvelumuotoilun metodit, Lapin yliopisto<\/li>\n\n\n\n<li>Elements of AI: Teko\u00e4lyn perusteet, Helsingin yliopisto<\/li>\n\n\n\n<li>Digitaalinen ilmaisu, avoin aalto yliopisto<\/li>\n\n\n\n<li>Visuaalinen suunnittelu, Turun avoin AMK<\/li>\n<\/ul>\n<\/div>\n<\/div>\n<\/div>\n\n\n\n<div class=\"wp-block-column is-layout-flow wp-block-column-is-layout-flow\">\n<div class=\"wp-block-group wp-block-post-group has-secondary-background-color has-background is-layout-flow wp-block-group-is-layout-flow\" style=\"padding-top:var(--wp--preset--spacing--50);padding-right:var(--wp--preset--spacing--40);padding-bottom:var(--wp--preset--spacing--50);padding-left:var(--wp--preset--spacing--40)\">\n<div class=\"wp-block-group wp-block-entry-content is-layout-flow wp-container-core-group-is-layout-343acf9e wp-block-group-is-layout-flow\">\n<h3 class=\"wp-block-heading has-text-align-left\">Ty\u00f6kalut<\/h3>\n\n\n\n<div class=\"wp-block-columns is-layout-flex wp-container-core-columns-is-layout-28f84493 wp-block-columns-is-layout-flex\">\n<div class=\"wp-block-column is-layout-flow wp-block-column-is-layout-flow\">\n<ul class=\"wp-block-list\">\n<li>Figma<\/li>\n\n\n\n<li>Scetch<\/li>\n\n\n\n<li>Invisio<\/li>\n\n\n\n<li>Adobe Premiere Pro<\/li>\n\n\n\n<li>Adobe Afret Effects<\/li>\n\n\n\n<li>Adobe InDesign<\/li>\n\n\n\n<li>Adibe Illustrator<\/li>\n\n\n\n<li>Adobe Lightroom<\/li>\n\n\n\n<li>Adobe Photoshop<\/li>\n<\/ul>\n<\/div>\n\n\n\n<div class=\"wp-block-column is-layout-flow wp-block-column-is-layout-flow\">\n<ul class=\"wp-block-list\">\n<li>Miro<\/li>\n\n\n\n<li>Chat GPT<\/li>\n\n\n\n<li>LeanLab<\/li>\n\n\n\n<li>WordPress<\/li>\n\n\n\n<li>Aiwo<\/li>\n\n\n\n<li>SharePoint<\/li>\n\n\n\n<li>Confluence<\/li>\n\n\n\n<li>Teams<\/li>\n\n\n\n<li>Microsoft Office tools<\/li>\n<\/ul>\n<\/div>\n<\/div>\n<\/div>\n<\/div>\n<\/div>\n<\/div>\n<\/div>\n<\/div>\n\n\n\n<div class=\"wp-block-columns is-layout-flex wp-container-core-columns-is-layout-28f84493 wp-block-columns-is-layout-flex\">\n<div class=\"wp-block-column is-layout-flow wp-block-column-is-layout-flow\"><\/div>\n<\/div>\n\n\n\n<div class=\"wp-block-buttons is-content-justification-center is-layout-flex wp-container-core-buttons-is-layout-a89b3969 wp-block-buttons-is-layout-flex\">\n<div class=\"wp-block-button\"><a class=\"wp-block-button__link wp-element-button\" href=\"https:\/\/www.linkedin.com\/in\/kati-taipalmaa-a295235a\/\">Lis\u00e4\u00e4 tietoa minusta Linkediniss\u00e4<\/a><\/div>\n\n\n\n<div class=\"wp-block-button\"><a class=\"wp-block-button__link wp-element-button\" href=\"https:\/\/katitaipalmaa.fi\/\">Siirry etusivun portfolioon<\/a><\/div>\n<\/div>\n\n\n\n<p><\/p>\n","protected":false},"excerpt":{"rendered":"<p>Kuka min\u00e4 olen Olen kokenut muotoilun ammattilainen, joka on erikoistunut palvelumuotoiluun, k\u00e4ytt\u00f6kokemukseen, k\u00e4ytett\u00e4vyyteen ja visuaaliseen suunnitteluun. Konseptoinnin ja k\u00e4ytt\u00f6liittym\u00e4suunnittelun lis\u00e4ksi erikoisosaamiseni on muun muassa tekstien k\u00e4ytett\u00e4vyyden testaaminen, olipa kyseess\u00e4 sitten k\u00e4sitteet, ohjeet tai mainokset. Osaamiseni kattaa monia suunnittelumenetelmi\u00e4, kuten prototyyppien luomisen, fasilitointitekniikat, ty\u00f6pajojen suunnittelun ja toteutuksen (sek\u00e4 et\u00e4- ett\u00e4 paikan p\u00e4\u00e4ll\u00e4), haastattelut, kyselyt, asiakaspalautteen analysoinnin, [&hellip;]<\/p>\n","protected":false},"author":1,"featured_media":0,"parent":0,"menu_order":0,"comment_status":"closed","ping_status":"closed","template":"","meta":{"footnotes":""},"class_list":["post-15","page","type-page","status-publish","hentry"],"_links":{"self":[{"href":"https:\/\/katitaipalmaa.fi\/index.php\/wp-json\/wp\/v2\/pages\/15","targetHints":{"allow":["GET"]}}],"collection":[{"href":"https:\/\/katitaipalmaa.fi\/index.php\/wp-json\/wp\/v2\/pages"}],"about":[{"href":"https:\/\/katitaipalmaa.fi\/index.php\/wp-json\/wp\/v2\/types\/page"}],"author":[{"embeddable":true,"href":"https:\/\/katitaipalmaa.fi\/index.php\/wp-json\/wp\/v2\/users\/1"}],"replies":[{"embeddable":true,"href":"https:\/\/katitaipalmaa.fi\/index.php\/wp-json\/wp\/v2\/comments?post=15"}],"version-history":[{"count":40,"href":"https:\/\/katitaipalmaa.fi\/index.php\/wp-json\/wp\/v2\/pages\/15\/revisions"}],"predecessor-version":[{"id":544,"href":"https:\/\/katitaipalmaa.fi\/index.php\/wp-json\/wp\/v2\/pages\/15\/revisions\/544"}],"wp:attachment":[{"href":"https:\/\/katitaipalmaa.fi\/index.php\/wp-json\/wp\/v2\/media?parent=15"}],"curies":[{"name":"wp","href":"https:\/\/api.w.org\/{rel}","templated":true}]}}